{"id":5707,"date":"2015-02-19T09:48:19","date_gmt":"2015-02-19T09:48:19","guid":{"rendered":"http:\/\/demo2.wpresidence.net\/?page_id=5707"},"modified":"2022-07-03T12:22:33","modified_gmt":"2022-07-03T10:22:33","slug":"kontakt","status":"publish","type":"page","link":"http:\/\/www.smartimmo.at\/hp\/kontakt\/","title":{"rendered":"Kontakt"},"content":{"rendered":"\t\t<div data-elementor-type=\"wp-page\" data-elementor-id=\"5707\" class=\"elementor elementor-5707\">\n\t\t\t\t\t\t\t\t\t<section class=\"elementor-section elementor-top-section elementor-element elementor-element-5be5e5ef elementor-section-boxed elementor-section-height-default elementor-section-height-default\" data-id=\"5be5e5ef\" data-element_type=\"section\">\n\t\t\t\t\t\t<div class=\"elementor-container elementor-column-gap-default\">\n\t\t\t\t\t<div class=\"elementor-column elementor-col-100 elementor-top-column elementor-element elementor-element-7ce29e5e\" data-id=\"7ce29e5e\" data-element_type=\"column\">\n\t\t\t<div class=\"elementor-widget-wrap elementor-element-populated\">\n\t\t\t\t\t\t\t\t<div class=\"elementor-element elementor-element-72b272a0 elementor-widget elementor-widget-text-editor\" data-id=\"72b272a0\" data-element_type=\"widget\" data-widget_type=\"text-editor.default\">\n\t\t\t\t<div class=\"elementor-widget-container\">\n\t\t\t<style>\/*! elementor - v3.6.7 - 03-07-2022 *\/\n.elementor-widget-text-editor.elementor-drop-cap-view-stacked .elementor-drop-cap{background-color:#818a91;color:#fff}.elementor-widget-text-editor.elementor-drop-cap-view-framed .elementor-drop-cap{color:#818a91;border:3px solid;background-color:transparent}.elementor-widget-text-editor:not(.elementor-drop-cap-view-default) .elementor-drop-cap{margin-top:8px}.elementor-widget-text-editor:not(.elementor-drop-cap-view-default) .elementor-drop-cap-letter{width:1em;height:1em}.elementor-widget-text-editor .elementor-drop-cap{float:left;text-align:center;line-height:1;font-size:50px}.elementor-widget-text-editor .elementor-drop-cap-letter{display:inline-block}<\/style>\t\t\t\t<p><!-- wp:paragraph --><\/p>\n<p>Egal, ob Sie kleine oder gro\u00dfe Investments vorhaben. Wir k\u00f6nnen Sie in Investitionen in unsere Projekte und Ideen unterst\u00fctzen. Es besteht die M\u00f6glichkeit in Grundst\u00fccken oder Anteilen von Grundst\u00fccken zu investieren. Sowie in weiterer Folge auch in die entstehenden Projektentwicklungen mit von Ihnen festgelegten Ausstiegszeitpunkten.<\/p>\n<p>\u00a0<\/p>\n<p>Wir bieten unseren Kunden eine F\u00fclle von Kenntnissen in Bezug auf alle Aspekte der Immobilienentwicklung &#8211; von der Projektidee bis zur Realisierung und Kapitalisierung. Durch das jahrelang erworbene Know How\u00a0 durch den Verkauf unserer eigenen Immobilien, k\u00f6nnen wir Ihnen optimal beim Verkauf Ihrer Immobilie helfen.<\/p>\n<p>Bei Fragen k\u00f6nnen Sie sich gerne an uns wenden!<\/p>\n<p><!-- \/wp:paragraph --><\/p>\t\t\t\t\t\t<\/div>\n\t\t\t\t<\/div>\n\t\t\t\t\t<\/div>\n\t\t<\/div>\n\t\t\t\t\t\t\t<\/div>\n\t\t<\/section>\n\t\t\t\t\t\t\t<\/div>\n\t\t","protected":false},"excerpt":{"rendered":"<p>Egal, ob Sie kleine oder gro\u00dfe Investments vorhaben. Wir k\u00f6nnen Sie in Investitionen in unsere Projekte und Ideen unterst\u00fctzen. Es besteht die M\u00f6glichkeit in Grundst\u00fccken oder Anteilen von Grundst\u00fccken zu investieren. Sowie in weiterer Folge auch in die entstehenden Projektentwicklungen mit von Ihnen festgelegten Ausstiegszeitpunkten. \u00a0 Wir bieten unseren Kunden eine F\u00fclle von Kenntnissen in Bezug auf alle Aspekte der Immobilienentwicklung &#8211; von der &#8230;<\/p>\n","protected":false},"author":1,"featured_media":0,"parent":0,"menu_order":0,"comment_status":"open","ping_status":"open","template":"contact_page.php","meta":{"inline_featured_image":false,"footnotes":""},"_links":{"self":[{"href":"http:\/\/www.smartimmo.at\/hp\/wp-json\/wp\/v2\/pages\/5707"}],"collection":[{"href":"http:\/\/www.smartimmo.at\/hp\/wp-json\/wp\/v2\/pages"}],"about":[{"href":"http:\/\/www.smartimmo.at\/hp\/wp-json\/wp\/v2\/types\/page"}],"author":[{"embeddable":true,"href":"http:\/\/www.smartimmo.at\/hp\/wp-json\/wp\/v2\/users\/1"}],"replies":[{"embeddable":true,"href":"http:\/\/www.smartimmo.at\/hp\/wp-json\/wp\/v2\/comments?post=5707"}],"version-history":[{"count":3,"href":"http:\/\/www.smartimmo.at\/hp\/wp-json\/wp\/v2\/pages\/5707\/revisions"}],"predecessor-version":[{"id":19481,"href":"http:\/\/www.smartimmo.at\/hp\/wp-json\/wp\/v2\/pages\/5707\/revisions\/19481"}],"wp:attachment":[{"href":"http:\/\/www.smartimmo.at\/hp\/wp-json\/wp\/v2\/media?parent=5707"}],"curies":[{"name":"wp","href":"https:\/\/api.w.org\/{rel}","templated":true}]}}